{"id":5,"date":"2021-12-23T16:51:49","date_gmt":"2021-12-23T16:51:49","guid":{"rendered":"http:\/\/olympus2.gliffen.com\/~audiodealer\/?page_id=5"},"modified":"2025-06-05T14:37:33","modified_gmt":"2025-06-05T14:37:33","slug":"sign-up","status":"publish","type":"page","link":"https:\/\/audiopartner.omsystem.com\/de\/sign-up\/","title":{"rendered":"Registrieren"},"content":{"rendered":"<p>Um Zugang zum Partnerportal zu erhalten, f\u00fcllen Sie bitte das Formular aus und geben Sie den Grund an, warum Sie unser H\u00e4ndler werden m\u00f6chten. Wir werden Ihren Antrag pr\u00fcfen und Ihnen im Falle einer Genehmigung die erforderlichen Informationen zum Einloggen und f\u00fcr den Zugang zu Ihrem Konto zusenden. <\/p>\n\n\n\n<div class=\"ghostkit-button-wrapper ghostkit-button-wrapper-gap-md ghostkit-button-wrapper-align-left ghostkit-custom-aN8A1\"><div class=\"ghostkit-button-wrapper-inner\">\n<a class=\"ghostkit-button ghostkit-button-md ghostkit-custom-ZVppuf\" href=\"https:\/\/audiopro-support.explore.omsystem.com\/hc\/en-us\/requests\/new\"><span class=\"ghostkit-button-text\"><strong>ANTRAG AUF EIN NEUES H\u00c4NDLERKONTO<\/strong><\/span><\/a>\n<\/div><\/div>\n<\/div><\/div>\n<!-- \/wp:post-content --><\/div><\/div>\n<!-- \/wp:ghostkit\/grid -->\n\n<!-- wp:gravityforms\/form {\"formId\":\"3\"} \/-->","protected":false},"excerpt":{"rendered":"<p>Um Zugang zum Partnerportal zu erhalten, f\u00fcllen Sie bitte das Formular aus und geben Sie den Grund an, warum Sie unser H\u00e4ndler werden m\u00f6chten. Wir werden Ihren Antrag pr\u00fcfen und Ihnen im Falle einer Genehmigung die erforderlichen Informationen zum Einloggen und f\u00fcr den Zugang zu Ihrem Konto zusenden.<\/p>","protected":false},"author":1,"featured_media":0,"parent":0,"menu_order":0,"comment_status":"closed","ping_status":"closed","template":"","meta":{"ghostkit_customizer_options":"","ghostkit_custom_css":"","ghostkit_custom_js_head":"","ghostkit_custom_js_foot":"","ghostkit_typography":"","footnotes":""},"class_list":["post-5","page","type-page","status-publish","hentry"],"yoast_head":"<!-- This site is optimized with the Yoast SEO plugin v27.5 - https:\/\/yoast.com\/product\/yoast-seo-wordpress\/ -->\n<title>Sign Up - Professional Audio Partner Portal<\/title>\n<meta name=\"robots\" content=\"index, follow, max-snippet:-1, max-image-preview:large, max-video-preview:-1\" \/>\n<link rel=\"canonical\" href=\"https:\/\/audiopartner.omsystem.com\/de\/sign-up\/\" \/>\n<meta property=\"og:locale\" content=\"de_DE\" \/>\n<meta property=\"og:type\" content=\"article\" \/>\n<meta property=\"og:title\" content=\"Sign Up - Professional Audio Partner Portal\" \/>\n<meta property=\"og:description\" content=\"In order to gain access to the partner portal, please fill in the form mentioning the reason why you want to be our dealer. We will review your request and if approved send you the needed information to log in and access your account.\" \/>\n<meta property=\"og:url\" content=\"https:\/\/audiopartner.omsystem.com\/de\/sign-up\/\" \/>\n<meta property=\"og:site_name\" content=\"Professional Audio Partner Portal\" \/>\n<meta property=\"article:modified_time\" content=\"2025-06-05T14:37:33+00:00\" \/>\n<meta name=\"twitter:card\" content=\"summary_large_image\" \/>\n<meta name=\"twitter:label1\" content=\"Gesch\u00e4tzte Lesezeit\" \/>\n\t<meta name=\"twitter:data1\" content=\"1\u00a0Minute\" \/>\n<script type=\"application\/ld+json\" class=\"yoast-schema-graph\">{\"@context\":\"https:\\\/\\\/schema.org\",\"@graph\":[{\"@type\":\"WebPage\",\"@id\":\"https:\\\/\\\/audiopartner.omsystem.com\\\/sign-up\\\/\",\"url\":\"https:\\\/\\\/audiopartner.omsystem.com\\\/sign-up\\\/\",\"name\":\"Sign Up - Professional Audio Partner Portal\",\"isPartOf\":{\"@id\":\"https:\\\/\\\/audiopartner.omsystem.com\\\/#website\"},\"datePublished\":\"2021-12-23T16:51:49+00:00\",\"dateModified\":\"2025-06-05T14:37:33+00:00\",\"breadcrumb\":{\"@id\":\"https:\\\/\\\/audiopartner.omsystem.com\\\/sign-up\\\/#breadcrumb\"},\"inLanguage\":\"de\",\"potentialAction\":[{\"@type\":\"ReadAction\",\"target\":[\"https:\\\/\\\/audiopartner.omsystem.com\\\/sign-up\\\/\"]}]},{\"@type\":\"BreadcrumbList\",\"@id\":\"https:\\\/\\\/audiopartner.omsystem.com\\\/sign-up\\\/#breadcrumb\",\"itemListElement\":[{\"@type\":\"ListItem\",\"position\":1,\"name\":\"Home\",\"item\":\"https:\\\/\\\/audiopartner.omsystem.com\\\/\"},{\"@type\":\"ListItem\",\"position\":2,\"name\":\"Sign Up\"}]},{\"@type\":\"WebSite\",\"@id\":\"https:\\\/\\\/audiopartner.omsystem.com\\\/#website\",\"url\":\"https:\\\/\\\/audiopartner.omsystem.com\\\/\",\"name\":\"Professional Audio Partner Portal\",\"description\":\"OM Digital Solutions\",\"potentialAction\":[{\"@type\":\"SearchAction\",\"target\":{\"@type\":\"EntryPoint\",\"urlTemplate\":\"https:\\\/\\\/audiopartner.omsystem.com\\\/?s={search_term_string}\"},\"query-input\":{\"@type\":\"PropertyValueSpecification\",\"valueRequired\":true,\"valueName\":\"search_term_string\"}}],\"inLanguage\":\"de\"}]}<\/script>\n<!-- \/ Yoast SEO plugin. -->","yoast_head_json":{"title":"Sign Up - Professional Audio Partner Portal","robots":{"index":"index","follow":"follow","max-snippet":"max-snippet:-1","max-image-preview":"max-image-preview:large","max-video-preview":"max-video-preview:-1"},"canonical":"https:\/\/audiopartner.omsystem.com\/de\/sign-up\/","og_locale":"de_DE","og_type":"article","og_title":"Sign Up - Professional Audio Partner Portal","og_description":"In order to gain access to the partner portal, please fill in the form mentioning the reason why you want to be our dealer. We will review your request and if approved send you the needed information to log in and access your account.","og_url":"https:\/\/audiopartner.omsystem.com\/de\/sign-up\/","og_site_name":"Professional Audio Partner Portal","article_modified_time":"2025-06-05T14:37:33+00:00","twitter_card":"summary_large_image","twitter_misc":{"Gesch\u00e4tzte Lesezeit":"1\u00a0Minute"},"schema":{"@context":"https:\/\/schema.org","@graph":[{"@type":"WebPage","@id":"https:\/\/audiopartner.omsystem.com\/sign-up\/","url":"https:\/\/audiopartner.omsystem.com\/sign-up\/","name":"Sign Up - Professional Audio Partner Portal","isPartOf":{"@id":"https:\/\/audiopartner.omsystem.com\/#website"},"datePublished":"2021-12-23T16:51:49+00:00","dateModified":"2025-06-05T14:37:33+00:00","breadcrumb":{"@id":"https:\/\/audiopartner.omsystem.com\/sign-up\/#breadcrumb"},"inLanguage":"de","potentialAction":[{"@type":"ReadAction","target":["https:\/\/audiopartner.omsystem.com\/sign-up\/"]}]},{"@type":"BreadcrumbList","@id":"https:\/\/audiopartner.omsystem.com\/sign-up\/#breadcrumb","itemListElement":[{"@type":"ListItem","position":1,"name":"Home","item":"https:\/\/audiopartner.omsystem.com\/"},{"@type":"ListItem","position":2,"name":"Sign Up"}]},{"@type":"WebSite","@id":"https:\/\/audiopartner.omsystem.com\/#website","url":"https:\/\/audiopartner.omsystem.com\/","name":"Professionelles Audio-Partner-Portal","description":"OM Digital Solutions","potentialAction":[{"@type":"SearchAction","target":{"@type":"EntryPoint","urlTemplate":"https:\/\/audiopartner.omsystem.com\/?s={search_term_string}"},"query-input":{"@type":"PropertyValueSpecification","valueRequired":true,"valueName":"search_term_string"}}],"inLanguage":"de"}]}},"_links":{"self":[{"href":"https:\/\/audiopartner.omsystem.com\/de\/wp-json\/wp\/v2\/pages\/5","targetHints":{"allow":["GET"]}}],"collection":[{"href":"https:\/\/audiopartner.omsystem.com\/de\/wp-json\/wp\/v2\/pages"}],"about":[{"href":"https:\/\/audiopartner.omsystem.com\/de\/wp-json\/wp\/v2\/types\/page"}],"author":[{"embeddable":true,"href":"https:\/\/audiopartner.omsystem.com\/de\/wp-json\/wp\/v2\/users\/1"}],"replies":[{"embeddable":true,"href":"https:\/\/audiopartner.omsystem.com\/de\/wp-json\/wp\/v2\/comments?post=5"}],"version-history":[{"count":10,"href":"https:\/\/audiopartner.omsystem.com\/de\/wp-json\/wp\/v2\/pages\/5\/revisions"}],"predecessor-version":[{"id":4928,"href":"https:\/\/audiopartner.omsystem.com\/de\/wp-json\/wp\/v2\/pages\/5\/revisions\/4928"}],"wp:attachment":[{"href":"https:\/\/audiopartner.omsystem.com\/de\/wp-json\/wp\/v2\/media?parent=5"}],"curies":[{"name":"wp","href":"https:\/\/api.w.org\/{rel}","templated":true}]}}