{"id":9,"date":"2021-12-23T16:52:58","date_gmt":"2021-12-23T16:52:58","guid":{"rendered":"http:\/\/olympus2.gliffen.com\/~audiodealer\/?page_id=9"},"modified":"2025-06-04T15:45:56","modified_gmt":"2025-06-04T15:45:56","slug":"homepage","status":"publish","type":"page","link":"https:\/\/audiopartner.omsystem.com\/fr\/","title":{"rendered":"Page d&#039;accueil"},"content":{"rendered":"<div class=\"wp-block-cover alignfull is-light ghostkit-custom-Z1TMyqo\" style=\"min-height:250px;aspect-ratio:unset;\"><span aria-hidden=\"true\" class=\"wp-block-cover__background has-black-background-color has-background-dim\"><\/span><img decoding=\"async\" class=\"wp-block-cover__image-background wp-image-1043\" alt=\"\" src=\"https:\/\/audiopartner.omsystem.com\/wp-content\/uploads\/2022\/01\/AUDIO_RecMicII_people__Mood_005-scaled.jpg\" style=\"object-position:52% 60%\" data-object-fit=\"cover\" data-object-position=\"52% 60%\"\/><div class=\"wp-block-cover__inner-container is-layout-flow wp-block-cover-is-layout-flow\">\n<h1 class=\"wp-block-heading has-text-align-center has-white-color has-text-color\" id=\"om-digital-solutionspro-audio-dealer-portal\"><strong>OM SYSTEM &amp;<\/strong> <strong>OLYMPUS<\/strong><br><strong>PORTAIL PARTENAIRE DE L'AUDIO PROFESSIONNEL<\/strong><\/h1>\n\n\n\n<div class=\"ghostkit-button-wrapper ghostkit-button-wrapper-gap-md ghostkit-button-wrapper-align-center ghostkit-custom-YTRFE\"><div class=\"ghostkit-button-wrapper-inner\">\n<a class=\"ghostkit-button ghostkit-button-md ghostkit-custom-Z5ohx5\" href=\"https:\/\/audiopartner.omsystem.com\/wp-login.php\"><span class=\"ghostkit-button-text\"><strong>CONNEXION<\/strong><\/span><\/a>\n\n\n\n<a class=\"ghostkit-button ghostkit-button-md ghostkit-custom-Z1d8Ttx\" href=\"https:\/\/audiopro-support.explore.omsystem.com\/hc\/en-us\/requests\/new\"><span class=\"ghostkit-button-text\"><strong>S&#039;INSCRIRE<\/strong><\/span><\/a>\n<\/div><\/div>\n<\/div><\/div>\n\n\n\n<p>Bienvenue sur le portail d&#039;assistance des revendeurs audio professionnels Olympus. \u00c0 partir de l\u00e0, vous pouvez t\u00e9l\u00e9charger des supports marketing, notamment des images, des vid\u00e9os et des documents pour nos gammes de produits. De plus, ce service peut \u00eatre utilis\u00e9 pour contacter notre centre de support pour vos questions techniques.<\/p>\n\n\n\n<div class=\"ghostkit-button-wrapper ghostkit-button-wrapper-gap-md ghostkit-button-wrapper-align-center ghostkit-custom-25kHvI\"><div class=\"ghostkit-button-wrapper-inner\">\n<a class=\"ghostkit-button ghostkit-button-md ghostkit-custom-1YHdcc\" href=\"https:\/\/audiopro-support.explore.omsystem.com\/hc\/en-us\/requests\/new\"><span class=\"ghostkit-button-text\"><strong>D\u00c9MARRER L&#039;INSCRIPTION<\/strong><\/span><\/a>\n<\/div><\/div>","protected":false},"excerpt":{"rendered":"<p>Bienvenue sur le portail d&#039;assistance des revendeurs audio professionnels Olympus. \u00c0 partir de l\u00e0, vous pouvez t\u00e9l\u00e9charger des supports marketing, notamment des images, des vid\u00e9os et des documents pour nos gammes de produits. De plus, ce service peut \u00eatre utilis\u00e9 pour contacter notre centre de support pour vos questions techniques.<\/p>","protected":false},"author":1,"featured_media":0,"parent":0,"menu_order":0,"comment_status":"closed","ping_status":"closed","template":"","meta":{"ghostkit_customizer_options":"","ghostkit_custom_css":"","ghostkit_custom_js_head":"","ghostkit_custom_js_foot":"","ghostkit_typography":"","footnotes":""},"class_list":["post-9","page","type-page","status-publish","hentry"],"yoast_head":"<!-- This site is optimized with the Yoast SEO plugin v27.3 - https:\/\/yoast.com\/product\/yoast-seo-wordpress\/ -->\n<title>Homepage - Professional Audio Partner Portal<\/title>\n<meta name=\"robots\" content=\"index, follow, max-snippet:-1, max-image-preview:large, max-video-preview:-1\" \/>\n<link rel=\"canonical\" href=\"https:\/\/audiopartner.omsystem.com\/fr\/\" \/>\n<meta property=\"og:locale\" content=\"fr_FR\" \/>\n<meta property=\"og:type\" content=\"article\" \/>\n<meta property=\"og:title\" content=\"Homepage - Professional Audio Partner Portal\" \/>\n<meta property=\"og:description\" content=\"Welcome to the Olympus Professional Audio Dealer Support Portal. From here you can download marketing materials including images, videos, and documents for our product lines. In addition, this service can be used to contact our support center for your technical queries.\" \/>\n<meta property=\"og:url\" content=\"https:\/\/audiopartner.omsystem.com\/fr\/\" \/>\n<meta property=\"og:site_name\" content=\"Professional Audio Partner Portal\" \/>\n<meta property=\"article:modified_time\" content=\"2025-06-04T15:45:56+00:00\" \/>\n<meta name=\"twitter:card\" content=\"summary_large_image\" \/>\n<meta name=\"twitter:label1\" content=\"Dur\u00e9e de lecture estim\u00e9e\" \/>\n\t<meta name=\"twitter:data1\" content=\"1 minute\" \/>\n<script type=\"application\/ld+json\" class=\"yoast-schema-graph\">{\"@context\":\"https:\\\/\\\/schema.org\",\"@graph\":[{\"@type\":\"WebPage\",\"@id\":\"https:\\\/\\\/audiopartner.omsystem.com\\\/\",\"url\":\"https:\\\/\\\/audiopartner.omsystem.com\\\/\",\"name\":\"Homepage - Professional Audio Partner Portal\",\"isPartOf\":{\"@id\":\"https:\\\/\\\/audiopartner.omsystem.com\\\/#website\"},\"primaryImageOfPage\":{\"@id\":\"https:\\\/\\\/audiopartner.omsystem.com\\\/#primaryimage\"},\"image\":{\"@id\":\"https:\\\/\\\/audiopartner.omsystem.com\\\/#primaryimage\"},\"thumbnailUrl\":\"https:\\\/\\\/audiopartner.omsystem.com\\\/wp-content\\\/uploads\\\/2022\\\/01\\\/AUDIO_RecMicII_people__Mood_005-scaled.jpg\",\"datePublished\":\"2021-12-23T16:52:58+00:00\",\"dateModified\":\"2025-06-04T15:45:56+00:00\",\"breadcrumb\":{\"@id\":\"https:\\\/\\\/audiopartner.omsystem.com\\\/#breadcrumb\"},\"inLanguage\":\"fr-FR\",\"potentialAction\":[{\"@type\":\"ReadAction\",\"target\":[\"https:\\\/\\\/audiopartner.omsystem.com\\\/\"]}]},{\"@type\":\"ImageObject\",\"inLanguage\":\"fr-FR\",\"@id\":\"https:\\\/\\\/audiopartner.omsystem.com\\\/#primaryimage\",\"url\":\"https:\\\/\\\/audiopartner.omsystem.com\\\/wp-content\\\/uploads\\\/2022\\\/01\\\/AUDIO_RecMicII_people__Mood_005-scaled.jpg\",\"contentUrl\":\"https:\\\/\\\/audiopartner.omsystem.com\\\/wp-content\\\/uploads\\\/2022\\\/01\\\/AUDIO_RecMicII_people__Mood_005-scaled.jpg\"},{\"@type\":\"BreadcrumbList\",\"@id\":\"https:\\\/\\\/audiopartner.omsystem.com\\\/#breadcrumb\",\"itemListElement\":[{\"@type\":\"ListItem\",\"position\":1,\"name\":\"Home\",\"item\":\"https:\\\/\\\/audiopartner.omsystem.com\\\/\"},{\"@type\":\"ListItem\",\"position\":2,\"name\":\"Homepage\"}]},{\"@type\":\"WebSite\",\"@id\":\"https:\\\/\\\/audiopartner.omsystem.com\\\/#website\",\"url\":\"https:\\\/\\\/audiopartner.omsystem.com\\\/\",\"name\":\"Professional Audio Partner Portal\",\"description\":\"OM Digital Solutions\",\"potentialAction\":[{\"@type\":\"SearchAction\",\"target\":{\"@type\":\"EntryPoint\",\"urlTemplate\":\"https:\\\/\\\/audiopartner.omsystem.com\\\/?s={search_term_string}\"},\"query-input\":{\"@type\":\"PropertyValueSpecification\",\"valueRequired\":true,\"valueName\":\"search_term_string\"}}],\"inLanguage\":\"fr-FR\"}]}<\/script>\n<!-- \/ Yoast SEO plugin. -->","yoast_head_json":{"title":"Homepage - Professional Audio Partner Portal","robots":{"index":"index","follow":"follow","max-snippet":"max-snippet:-1","max-image-preview":"max-image-preview:large","max-video-preview":"max-video-preview:-1"},"canonical":"https:\/\/audiopartner.omsystem.com\/fr\/","og_locale":"fr_FR","og_type":"article","og_title":"Homepage - Professional Audio Partner Portal","og_description":"Welcome to the Olympus Professional Audio Dealer Support Portal. From here you can download marketing materials including images, videos, and documents for our product lines. In addition, this service can be used to contact our support center for your technical queries.","og_url":"https:\/\/audiopartner.omsystem.com\/fr\/","og_site_name":"Professional Audio Partner Portal","article_modified_time":"2025-06-04T15:45:56+00:00","twitter_card":"summary_large_image","twitter_misc":{"Dur\u00e9e de lecture estim\u00e9e":"1 minute"},"schema":{"@context":"https:\/\/schema.org","@graph":[{"@type":"WebPage","@id":"https:\/\/audiopartner.omsystem.com\/","url":"https:\/\/audiopartner.omsystem.com\/","name":"Homepage - Professional Audio Partner Portal","isPartOf":{"@id":"https:\/\/audiopartner.omsystem.com\/#website"},"primaryImageOfPage":{"@id":"https:\/\/audiopartner.omsystem.com\/#primaryimage"},"image":{"@id":"https:\/\/audiopartner.omsystem.com\/#primaryimage"},"thumbnailUrl":"https:\/\/audiopartner.omsystem.com\/wp-content\/uploads\/2022\/01\/AUDIO_RecMicII_people__Mood_005-scaled.jpg","datePublished":"2021-12-23T16:52:58+00:00","dateModified":"2025-06-04T15:45:56+00:00","breadcrumb":{"@id":"https:\/\/audiopartner.omsystem.com\/#breadcrumb"},"inLanguage":"fr-FR","potentialAction":[{"@type":"ReadAction","target":["https:\/\/audiopartner.omsystem.com\/"]}]},{"@type":"ImageObject","inLanguage":"fr-FR","@id":"https:\/\/audiopartner.omsystem.com\/#primaryimage","url":"https:\/\/audiopartner.omsystem.com\/wp-content\/uploads\/2022\/01\/AUDIO_RecMicII_people__Mood_005-scaled.jpg","contentUrl":"https:\/\/audiopartner.omsystem.com\/wp-content\/uploads\/2022\/01\/AUDIO_RecMicII_people__Mood_005-scaled.jpg"},{"@type":"BreadcrumbList","@id":"https:\/\/audiopartner.omsystem.com\/#breadcrumb","itemListElement":[{"@type":"ListItem","position":1,"name":"Home","item":"https:\/\/audiopartner.omsystem.com\/"},{"@type":"ListItem","position":2,"name":"Homepage"}]},{"@type":"WebSite","@id":"https:\/\/audiopartner.omsystem.com\/#website","url":"https:\/\/audiopartner.omsystem.com\/","name":"Portail des partenaires de l'audio professionnel","description":"Solutions num\u00e9riques OM","potentialAction":[{"@type":"SearchAction","target":{"@type":"EntryPoint","urlTemplate":"https:\/\/audiopartner.omsystem.com\/?s={search_term_string}"},"query-input":{"@type":"PropertyValueSpecification","valueRequired":true,"valueName":"search_term_string"}}],"inLanguage":"fr-FR"}]}},"_links":{"self":[{"href":"https:\/\/audiopartner.omsystem.com\/fr\/wp-json\/wp\/v2\/pages\/9","targetHints":{"allow":["GET"]}}],"collection":[{"href":"https:\/\/audiopartner.omsystem.com\/fr\/wp-json\/wp\/v2\/pages"}],"about":[{"href":"https:\/\/audiopartner.omsystem.com\/fr\/wp-json\/wp\/v2\/types\/page"}],"author":[{"embeddable":true,"href":"https:\/\/audiopartner.omsystem.com\/fr\/wp-json\/wp\/v2\/users\/1"}],"replies":[{"embeddable":true,"href":"https:\/\/audiopartner.omsystem.com\/fr\/wp-json\/wp\/v2\/comments?post=9"}],"version-history":[{"count":21,"href":"https:\/\/audiopartner.omsystem.com\/fr\/wp-json\/wp\/v2\/pages\/9\/revisions"}],"predecessor-version":[{"id":4913,"href":"https:\/\/audiopartner.omsystem.com\/fr\/wp-json\/wp\/v2\/pages\/9\/revisions\/4913"}],"wp:attachment":[{"href":"https:\/\/audiopartner.omsystem.com\/fr\/wp-json\/wp\/v2\/media?parent=9"}],"curies":[{"name":"wp","href":"https:\/\/api.w.org\/{rel}","templated":true}]}}